{"id":252772,"date":"2023-04-24T06:21:19","date_gmt":"2023-04-24T10:21:19","guid":{"rendered":"https:\/\/americaswellnessgroup.com\/politica-de-cookies\/"},"modified":"2024-11-01T14:13:05","modified_gmt":"2024-11-01T18:13:05","slug":"politica-de-cookies","status":"publish","type":"page","link":"https:\/\/americaswellnessgroup.com\/es\/politica-de-cookies\/","title":{"rendered":"Pol\u00edtica de cookies"},"content":{"rendered":"\n[et_pb_section fb_built=\u00bb1&#8243; _builder_version=\u00bb4.20.4&#8243; _module_preset=\u00bbdefault\u00bb global_colors_info=\u00bb{}\u00bb][et_pb_row _builder_version=\u00bb4.20.4&#8243; _module_preset=\u00bbdefault\u00bb global_colors_info=\u00bb{}\u00bb][et_pb_column type=\u00bb4_4&#8243; _builder_version=\u00bb4.20.4&#8243; _module_preset=\u00bbdefault\u00bb global_colors_info=\u00bb{}\u00bb][et_pb_text _builder_version=\u00bb4.20.4&#8243; _module_preset=\u00bbdefault\u00bb text_font=\u00bbNunito||||||||\u00bb text_text_color=\u00bbgcid-64f5d954-264e-45a5-95f3-c3a2e4f0544c\u00bb text_font_size=\u00bb18px\u00bb text_line_height=\u00bb1.8em\u00bb header_2_font=\u00bbNunito|600|||||||\u00bb header_2_text_color=\u00bbgcid-e8819435-e0b3-47fb-9afc-5fb09edd2374&#8243; header_2_font_size=\u00bb30px\u00bb global_colors_info=\u00bb{%22gcid-e8819435-e0b3-47fb-9afc-5fb09edd2374%22:%91%22header_2_text_color%22%93,%22gcid-64f5d954-264e-45a5-95f3-c3a2e4f0544c%22:%91%22text_text_color%22%93}\u00bb]<h1>Qu\u00e9 son las cookies:<\/h1>\n<p>Nosotros y nuestros socios comerciales recopilamos informaci\u00f3n sobre tu uso de nuestro sitio web a trav\u00e9s de cookies. Las cookies son archivos de informaci\u00f3n almacenados en tu ordenador, tableta o smartphone que ayudan a los sitios web a recordar qui\u00e9n eres e informaci\u00f3n sobre tu visita. Las cookies pueden ayudar a mostrar la informaci\u00f3n de un sitio web de forma que se ajuste a tus intereses. La mayor\u00eda de los principales sitios web utilizan cookies.   <\/p>\n<p><strong>Qu\u00e9 cookies se utilizan en este Sitio Web:<\/strong><\/p>\n<p>Las cookies y otras tecnolog\u00edas de rastreo que nosotros y nuestros socios comerciales utilizamos en este sitio web se agrupan a grandes rasgos en las siguientes categor\u00edas:<\/p>\n<p><strong>Esenciales<\/strong> &#8211; Algunas de las cookies de nuestro sitio web son esenciales para que podamos prestarte un servicio que has solicitado. Estas cookies son necesarias para permitir que nuestro sitio web funcione correctamente o para cumplir con la legislaci\u00f3n aplicable &#8211; por ejemplo, para permitirte navegar por nuestro sitio web y utilizar funciones esenciales o para garantizar que nuestro sitio web sea seguro. Es posible que no puedas utilizar nuestro sitio web sin estas cookies.  <\/p>\n<p><strong>Anal\u00edticas<\/strong> &#8211; Utilizamos cookies anal\u00edticas para ayudarnos a comprender c\u00f3mo se relacionan los usuarios con nuestro sitio web. Un ejemplo es el recuento del n\u00famero de personas diferentes que entran en nuestro sitio web o utilizan una funci\u00f3n concreta, en lugar del n\u00famero total de veces que se utiliza el sitio o la funci\u00f3n. Sin esta cookie, si visitaras el sitio web una vez a la semana durante tres semanas, te contar\u00edamos como tres usuarios distintos. Nos resultar\u00eda dif\u00edcil analizar el rendimiento de nuestro sitio web y mejorarlo sin estas cookies.   <\/p>\n<p><strong>Funcionales &#8211;<\/strong> Utilizamos cookies para mejorar tu experiencia recordando tus preferencias para saber c\u00f3mo te gusta utilizar nuestro sitio web. Ejemplos de esto ser\u00eda recordarte para que se te sirva el mismo contenido o para recordarte cuando vuelvas al sitio. <\/p>\n<p><strong>Sociales &#8211;<\/strong> Utilizamos cookies de terceros para permitirte compartir contenido directamente en sitios de redes sociales como Facebook y Twitter para mejorar tu experiencia recordando tus preferencias para que sepamos c\u00f3mo te gusta utilizar nuestro sitio web &#8211; por ejemplo, si quer\u00edas \u00abme gusta\u00bb o \u00abtuitear\u00bb sobre nosotros o nuestros productos o servicios.<\/p>\n<p><strong>Publicidad basada en intereses<\/strong>: habr\u00e1s observado que cuando visitas sitios web se te muestran anuncios de productos y servicios que tal vez desees comprar. Para intentar garantizar que los anuncios que ves son relevantes para ti, se pueden utilizar cookies de terceros para recopilar informaci\u00f3n sobre los tipos de cosas que te interesan, por ejemplo, los sitios web que visitas y la zona geogr\u00e1fica en la que vives. Tener estas cookies no aumenta el n\u00famero de anuncios que se te mostrar\u00e1n, sino que simplemente hace que los anuncios que veas sean m\u00e1s relevantes. Para m\u00e1s informaci\u00f3n, consulta la secci\u00f3n \u00abCookies de terceros\u00bb.   <\/p>\n<p><strong>\u00bfC\u00f3mo puedo rechazar u optar por no recibir cookies?<\/strong><\/p>\n<p>Si no deseas que las cookies se almacenen en tu m\u00e1quina, puedes eliminarlas de tu navegador. La mayor\u00eda de los navegadores tambi\u00e9n te permiten impedir que se almacenen todas o algunas cookies en tu m\u00e1quina en el futuro. Para obtener m\u00e1s informaci\u00f3n sobre c\u00f3mo eliminar o desactivar las cookies de tu navegador, utiliza la funci\u00f3n de \u00abayuda\u00bb de tu navegador o visita http:\/\/www.allaboutcookies.org\/.  <\/p>\n<p>Ten en cuenta que no siempre podemos controlar las cookies de terceros almacenadas en tu ordenador desde nuestro sitio web y, en tal caso, tendr\u00e1s que visitar directamente el sitio web del tercero en cuesti\u00f3n para gestionar las cookies que almacenen en tu ordenador. Consulta nuestra secci\u00f3n \u00abCookies de terceros\u00bb m\u00e1s abajo. <\/p>\n<p><strong>Residentes de California y Virginia &#8211; Exclusi\u00f3n voluntaria del intercambio de informaci\u00f3n personal<\/strong><\/p>\n<p>En virtud del art\u00edculo 1798.83 del C\u00f3digo Civil de California y del art\u00edculo 59.1-444 del C\u00f3digo Comercial de Virginia, los residentes en California y Virginia tienen derecho a solicitarnos un aviso en el que se identifiquen las categor\u00edas de informaci\u00f3n personal de los clientes que compartimos con nuestras filiales y\/o terceros con fines de marketing, en su caso. Para solicitar una copia de dicho aviso, ponte en contacto con nosotros como se indica a continuaci\u00f3n <\/p>\n<p>Los residentes de California y Virginia tienen derecho, en determinadas circunstancias, a no participar en la venta o uso compartido de su informaci\u00f3n personal con fines de publicidad dirigida a dichas personas. El uso de ciertas cookies de terceros y otros dispositivos de seguimiento en este sitio puede considerarse \u00abcompartir\u00bb seg\u00fan las leyes de esos estados. Si resides en California o Virginia y deseas excluirte del \u00abintercambio\u00bb de informaci\u00f3n personal, visita los sitios que se indican a continuaci\u00f3n en nuestra secci\u00f3n Cookies de terceros.  <\/p>\n<p><strong>Cookies de terceros:<\/strong><\/p>\n<p>Algunas de las cookies descritas anteriormente en la secci\u00f3n \u00abQu\u00e9 cookies se utilizan en este sitio web\u00bb son almacenadas en tu m\u00e1quina por terceros cuando utilizas nuestro sitio web. Los terceros tambi\u00e9n pueden leer cookies en tu navegador para recopilar informaci\u00f3n o para ofrecerte contenidos o anuncios. No tenemos control sobre estas cookies ni sobre c\u00f3mo las utilizan los terceros. Se utilizan para permitir que ese tercero nos preste un servicio, por ejemplo de an\u00e1lisis. En algunos casos, como se indica a continuaci\u00f3n, pueden utilizarse para ofrecerte publicidad basada en tus intereses.    <\/p>\n<p>Para obtener m\u00e1s informaci\u00f3n sobre estas cookies y c\u00f3mo desactivarlas, consulta el sitio web de la Oficina de Publicidad en Internet (Internet Advertising Bureau) en http:\/\/www.youronlinechoices.com\/, donde podr\u00e1s optar por no recibir cookies de Publicidad Basada en Intereses de algunos de los terceros que se enumeran a continuaci\u00f3n. Tambi\u00e9n puedes hacer clic en los enlaces siguientes de cada tercero para obtener informaci\u00f3n sobre c\u00f3mo excluirte directamente con ese tercero. <\/p>\n<p><strong>Google<\/strong><\/p>\n<p><strong>Analytics<\/strong> &#8211; Google proporciona datos an\u00f3nimos sobre las visitas realizadas a nuestro sitio web.<\/p>\n<p><strong>Usuario<\/strong> &#8211; Google utiliza cookies para ayudar a proteger tu privacidad y garantizar que tus actividades de navegaci\u00f3n sigan siendo seguras.<\/p>\n<p><strong>Publicidad<\/strong> basada en intereses: las herramientas de Google tambi\u00e9n pueden recopilar datos con el fin de ofrecerte publicidad basada en intereses.<\/p>\n<p><strong>Para m\u00e1s informaci\u00f3n y para darte de baja:<\/strong> https:\/\/policies.google.com\/privacy#infochoices<\/p>\n<p><strong>Microsoft (Bing)<\/strong><\/p>\n<p><strong>Analytics<\/strong> &#8211; Microsoft proporciona datos an\u00f3nimos sobre las visitas realizadas a nuestro sitio web.<\/p>\n<p><strong>Usuario &#8211;<\/strong> Microsoft utiliza cookies para ayudar a proteger tu privacidad y garantizar que tus actividades de navegaci\u00f3n sigan siendo seguras.<\/p>\n<p><strong>Publicidad<\/strong> basada en intereses: las herramientas de Microsoft tambi\u00e9n pueden recopilar datos con el fin de ofrecerte publicidad basada en intereses.<\/p>\n<p>Para m\u00e1s informaci\u00f3n y para darte de baja: https:\/\/choice.microsoft.com<\/p>\n<p><strong>Meta (antes Facebook)<\/strong><\/p>\n<p><strong>Publicidad<\/strong> basada en intereses: Meta puede utilizar un p\u00edxel u otras herramientas de seguimiento para recopilar datos con el fin de ofrecerte publicidad basada en intereses.<\/p>\n<p>Para m\u00e1s informaci\u00f3n y para darte de baja: http:\/\/www.facebook.com\/about\/privacy\/<\/p>\n<p><strong>M\u00e1s informaci\u00f3n y para darte de baja:<\/strong> <\/p>\n<p>Podemos actualizar esta pol\u00edtica de vez en cuando, por lo que te recomendamos que la compruebes cada vez que visites nuestro sitio web. La \u00faltima vez que modificamos esta pol\u00edtica fue el 19 de diciembre de 2022. <\/p>\n<p>Todos los derechos reservados. 19 de diciembre de 2022. <\/p>[\/et_pb_text][\/et_pb_column][\/et_pb_row][\/et_pb_section]\n","protected":false},"excerpt":{"rendered":"<p>Qu\u00e9 son las cookies: Nosotros y nuestros socios comerciales recopilamos informaci\u00f3n sobre tu uso de nuestro sitio web a trav\u00e9s de cookies. Las cookies son archivos de informaci\u00f3n almacenados en tu ordenador, tableta o smartphone que ayudan a los sitios web a recordar qui\u00e9n eres e informaci\u00f3n sobre tu visita. Las cookies pueden ayudar a [&hellip;]<\/p>\n","protected":false},"author":6,"featured_media":0,"parent":0,"menu_order":0,"comment_status":"closed","ping_status":"closed","template":"","meta":{"_et_pb_use_builder":"on","_et_pb_old_content":"","_et_gb_content_width":"","_monsterinsights_skip_tracking":false,"_monsterinsights_sitenote_active":false,"_monsterinsights_sitenote_note":"","_monsterinsights_sitenote_category":0,"footnotes":""},"class_list":["post-252772","page","type-page","status-publish","hentry"],"yoast_head":"<!-- This site is optimized with the Yoast SEO plugin v27.5 - https:\/\/yoast.com\/product\/yoast-seo-wordpress\/ -->\n<title>Pol\u00edtica de cookies - Americas Wellness Group<\/title>\n<meta name=\"robots\" content=\"noindex, nofollow\" \/>\n<meta property=\"og:locale\" content=\"es_ES\" \/>\n<meta property=\"og:type\" content=\"article\" \/>\n<meta property=\"og:title\" content=\"Pol\u00edtica de cookies - Americas Wellness Group\" \/>\n<meta property=\"og:description\" content=\"Qu\u00e9 son las cookies: Nosotros y nuestros socios comerciales recopilamos informaci\u00f3n sobre tu uso de nuestro sitio web a trav\u00e9s de cookies. Las cookies son archivos de informaci\u00f3n almacenados en tu ordenador, tableta o smartphone que ayudan a los sitios web a recordar qui\u00e9n eres e informaci\u00f3n sobre tu visita. Las cookies pueden ayudar a [&hellip;]\" \/>\n<meta property=\"og:url\" content=\"https:\/\/americaswellnessgroup.com\/es\/politica-de-cookies\/\" \/>\n<meta property=\"og:site_name\" content=\"Americas Wellness Group\" \/>\n<meta property=\"article:modified_time\" content=\"2024-11-01T18:13:05+00:00\" \/>\n<meta name=\"twitter:card\" content=\"summary_large_image\" \/>\n<meta name=\"twitter:label1\" content=\"Tiempo de lectura\" \/>\n\t<meta name=\"twitter:data1\" content=\"7 minutos\" \/>\n<script type=\"application\/ld+json\" class=\"yoast-schema-graph\">{\"@context\":\"https:\\\/\\\/schema.org\",\"@graph\":[{\"@type\":\"WebPage\",\"@id\":\"https:\\\/\\\/americaswellnessgroup.com\\\/es\\\/politica-de-cookies\\\/\",\"url\":\"https:\\\/\\\/americaswellnessgroup.com\\\/es\\\/politica-de-cookies\\\/\",\"name\":\"Pol\u00edtica de cookies - Americas Wellness Group\",\"isPartOf\":{\"@id\":\"https:\\\/\\\/americaswellnessgroup.com\\\/es\\\/#website\"},\"datePublished\":\"2023-04-24T10:21:19+00:00\",\"dateModified\":\"2024-11-01T18:13:05+00:00\",\"breadcrumb\":{\"@id\":\"https:\\\/\\\/americaswellnessgroup.com\\\/es\\\/politica-de-cookies\\\/#breadcrumb\"},\"inLanguage\":\"es\",\"potentialAction\":[{\"@type\":\"ReadAction\",\"target\":[\"https:\\\/\\\/americaswellnessgroup.com\\\/es\\\/politica-de-cookies\\\/\"]}]},{\"@type\":\"BreadcrumbList\",\"@id\":\"https:\\\/\\\/americaswellnessgroup.com\\\/es\\\/politica-de-cookies\\\/#breadcrumb\",\"itemListElement\":[{\"@type\":\"ListItem\",\"position\":1,\"name\":\"Hogar\",\"item\":\"https:\\\/\\\/americaswellnessgroup.com\\\/es\\\/inicio\\\/\"},{\"@type\":\"ListItem\",\"position\":2,\"name\":\"Pol\u00edtica de cookies\"}]},{\"@type\":\"WebSite\",\"@id\":\"https:\\\/\\\/americaswellnessgroup.com\\\/es\\\/#website\",\"url\":\"https:\\\/\\\/americaswellnessgroup.com\\\/es\\\/\",\"name\":\"Americas Wellness Group\",\"description\":\"Semaglutide and Tirzepatide Weight Loss Centers of America\",\"alternateName\":\"AmericasWellnessGroup\",\"potentialAction\":[{\"@type\":\"SearchAction\",\"target\":{\"@type\":\"EntryPoint\",\"urlTemplate\":\"https:\\\/\\\/americaswellnessgroup.com\\\/es\\\/?s={search_term_string}\"},\"query-input\":{\"@type\":\"PropertyValueSpecification\",\"valueRequired\":true,\"valueName\":\"search_term_string\"}}],\"inLanguage\":\"es\"}]}<\/script>\n<!-- \/ Yoast SEO plugin. -->","yoast_head_json":{"title":"Pol\u00edtica de cookies - Americas Wellness Group","robots":{"index":"noindex","follow":"nofollow"},"og_locale":"es_ES","og_type":"article","og_title":"Pol\u00edtica de cookies - Americas Wellness Group","og_description":"Qu\u00e9 son las cookies: Nosotros y nuestros socios comerciales recopilamos informaci\u00f3n sobre tu uso de nuestro sitio web a trav\u00e9s de cookies. Las cookies son archivos de informaci\u00f3n almacenados en tu ordenador, tableta o smartphone que ayudan a los sitios web a recordar qui\u00e9n eres e informaci\u00f3n sobre tu visita. Las cookies pueden ayudar a [&hellip;]","og_url":"https:\/\/americaswellnessgroup.com\/es\/politica-de-cookies\/","og_site_name":"Americas Wellness Group","article_modified_time":"2024-11-01T18:13:05+00:00","twitter_card":"summary_large_image","twitter_misc":{"Tiempo de lectura":"7 minutos"},"schema":{"@context":"https:\/\/schema.org","@graph":[{"@type":"WebPage","@id":"https:\/\/americaswellnessgroup.com\/es\/politica-de-cookies\/","url":"https:\/\/americaswellnessgroup.com\/es\/politica-de-cookies\/","name":"Pol\u00edtica de cookies - Americas Wellness Group","isPartOf":{"@id":"https:\/\/americaswellnessgroup.com\/es\/#website"},"datePublished":"2023-04-24T10:21:19+00:00","dateModified":"2024-11-01T18:13:05+00:00","breadcrumb":{"@id":"https:\/\/americaswellnessgroup.com\/es\/politica-de-cookies\/#breadcrumb"},"inLanguage":"es","potentialAction":[{"@type":"ReadAction","target":["https:\/\/americaswellnessgroup.com\/es\/politica-de-cookies\/"]}]},{"@type":"BreadcrumbList","@id":"https:\/\/americaswellnessgroup.com\/es\/politica-de-cookies\/#breadcrumb","itemListElement":[{"@type":"ListItem","position":1,"name":"Hogar","item":"https:\/\/americaswellnessgroup.com\/es\/inicio\/"},{"@type":"ListItem","position":2,"name":"Pol\u00edtica de cookies"}]},{"@type":"WebSite","@id":"https:\/\/americaswellnessgroup.com\/es\/#website","url":"https:\/\/americaswellnessgroup.com\/es\/","name":"Americas Wellness Group","description":"Semaglutide and Tirzepatide Weight Loss Centers of America","alternateName":"AmericasWellnessGroup","potentialAction":[{"@type":"SearchAction","target":{"@type":"EntryPoint","urlTemplate":"https:\/\/americaswellnessgroup.com\/es\/?s={search_term_string}"},"query-input":{"@type":"PropertyValueSpecification","valueRequired":true,"valueName":"search_term_string"}}],"inLanguage":"es"}]}},"_links":{"self":[{"href":"https:\/\/americaswellnessgroup.com\/es\/wp-json\/wp\/v2\/pages\/252772","targetHints":{"allow":["GET"]}}],"collection":[{"href":"https:\/\/americaswellnessgroup.com\/es\/wp-json\/wp\/v2\/pages"}],"about":[{"href":"https:\/\/americaswellnessgroup.com\/es\/wp-json\/wp\/v2\/types\/page"}],"author":[{"embeddable":true,"href":"https:\/\/americaswellnessgroup.com\/es\/wp-json\/wp\/v2\/users\/6"}],"replies":[{"embeddable":true,"href":"https:\/\/americaswellnessgroup.com\/es\/wp-json\/wp\/v2\/comments?post=252772"}],"version-history":[{"count":0,"href":"https:\/\/americaswellnessgroup.com\/es\/wp-json\/wp\/v2\/pages\/252772\/revisions"}],"wp:attachment":[{"href":"https:\/\/americaswellnessgroup.com\/es\/wp-json\/wp\/v2\/media?parent=252772"}],"curies":[{"name":"wp","href":"https:\/\/api.w.org\/{rel}","templated":true}]}}