{"id":252763,"date":"2023-10-03T13:59:03","date_gmt":"2023-10-03T17:59:03","guid":{"rendered":"https:\/\/americaswellnessgroup.com\/politica-de-privacidad-de-la-hipaa\/"},"modified":"2024-11-08T17:32:52","modified_gmt":"2024-11-08T22:32:52","slug":"politica-de-privacidad-de-la-hipaa","status":"publish","type":"page","link":"https:\/\/americaswellnessgroup.com\/es\/politica-de-privacidad-de-la-hipaa\/","title":{"rendered":"Pol\u00edtica de privacidad de la HIPAA"},"content":{"rendered":"<p>[et_pb_section fb_built=\u00bb1&#8243; _builder_version=\u00bb4.20.4&#8243; _module_preset=\u00bbdefault\u00bb global_colors_info=\u00bb{}\u00bb][et_pb_row _builder_version=\u00bb4.20.4&#8243; _module_preset=\u00bbdefault\u00bb global_colors_info=\u00bb{}\u00bb][et_pb_column type=\u00bb4_4&#8243; _builder_version=\u00bb4.20.4&#8243; _module_preset=\u00bbdefault\u00bb global_colors_info=\u00bb{}\u00bb][et_pb_text _builder_version=\u00bb4.22.1&#8243; _module_preset=\u00bbdefault\u00bb text_font=\u00bbNunito||||||||\u00bb text_text_color=\u00bbgcid-64f5d954-264e-45a5-95f3-c3a2e4f0544c\u00bb text_font_size=\u00bb18px\u00bb text_line_height=\u00bb1.8em\u00bb header_2_font=\u00bbNunito|600|||||||\u00bb header_2_text_color=\u00bbgcid-e8819435-e0b3-47fb-9afc-5fb09edd2374&#8243; header_2_font_size=\u00bb30px\u00bb global_colors_info=\u00bb{%22gcid-e8819435-e0b3-47fb-9afc-5fb09edd2374%22:%91%22header_2_text_color%22%93,%22gcid-64f5d954-264e-45a5-95f3-c3a2e4f0544c%22:%91%22text_text_color%22%93}\u00bb]<\/p>\n<h1>Pr\u00e1cticas de privacidad de la HIPAA<\/h1>\n<p>NUESTRAS RESPONSABILIDADES INCLUYEN:<\/p>\n<p>Americas Wellness Group LLC ( americaswellnessgroup.com, americassemaglutide.com ), est\u00e1n obligados por ley a mantener la privacidad y seguridad de tu informaci\u00f3n m\u00e9dica protegida.<\/p>\n<p>Te informaremos con prontitud si se produce una violaci\u00f3n que pueda haber comprometido la privacidad o seguridad de tu informaci\u00f3n.<\/p>\n<p>Debemos cumplir las obligaciones y pr\u00e1cticas de privacidad descritas en este aviso y entregarte una copia del mismo.<\/p>\n<p>No utilizaremos ni compartiremos tu informaci\u00f3n de forma distinta a la descrita aqu\u00ed, a menos que nos digas por escrito que podemos hacerlo. Si nos dices que podemos compartir, puedes cambiar de opini\u00f3n en cualquier momento. Comun\u00edcanos por escrito si cambias de opini\u00f3n. Para m\u00e1s informaci\u00f3n, consulta: www.hhs.gov\/ocr\/privacy\/hipaa\/ understanding\/consumers\/noticepp.html.   <\/p>\n<p>Nuestro oficial de privacidad para atender cualquier pregunta o duda es Rich Medford, con quien puedes ponerte en contacto llamando al (941) 777-5673<\/p>\n<p>&nbsp;<\/p>\n<p>&nbsp;<\/p>\n<p>[\/et_pb_text][et_pb_image src=\u00bbhttps:\/\/americaswellnessgroup.com\/wp-content\/uploads\/2023\/10\/4f3703_9ace4a34f8d2409da1bfa4a5d7295381mv2.webp\u00bb title_text=\u00bb4f3703_9ace4a34f8d2409da1bfa4a5d7295381~mv2&#8243; _builder_version=\u00bb4.22.1&#8243; _module_preset=\u00bbdefault\u00bb custom_margin=\u00bb||7px|||\u00bb global_colors_info=\u00bb{}\u00bb][\/et_pb_image][et_pb_image src=\u00bbhttps:\/\/americaswellnessgroup.com\/wp-content\/uploads\/2023\/10\/4f3703_11a3ef2ec1294c5e95ffa5b5fe79bc9cmv2.webp\u00bb title_text=\u00bb4f3703_11a3ef2ec1294c5e95ffa5b5fe79bc9c~mv2&#8243; _builder_version=\u00bb4.22.1&#8243; _module_preset=\u00bbdefault\u00bb global_colors_info=\u00bb{}\u00bb][\/et_pb_image][et_pb_image src=\u00bbhttps:\/\/americaswellnessgroup.com\/wp-content\/uploads\/2023\/10\/4f3703_76e216c169034db0a8eb91a041f1e8d6mv2.webp\u00bb title_text=\u00bb4f3703_76e216c169034db0a8eb91a041f1e8d6~mv2&#8243; _builder_version=\u00bb4.22.1&#8243; _module_preset=\u00bbdefault\u00bb global_colors_info=\u00bb{}\u00bb][\/et_pb_image][et_pb_image src=\u00bbhttps:\/\/americaswellnessgroup.com\/wp-content\/uploads\/2023\/10\/4f3703_819f1d7762d9490daab87b37f29f166cmv2.webp\u00bb title_text=\u00bb4f3703_819f1d7762d9490daab87b37f29f166c~mv2&#8243; _builder_version=\u00bb4.22.1&#8243; _module_preset=\u00bbdefault\u00bb global_colors_info=\u00bb{}\u00bb][\/et_pb_image][et_pb_image src=\u00bbhttps:\/\/americaswellnessgroup.com\/wp-content\/uploads\/2023\/10\/4f3703_5d308a6177574ddca01da55f65b4f206mv2.webp\u00bb title_text=\u00bb4f3703_5d308a6177574ddca01da55f65b4f206~mv2&#8243; _builder_version=\u00bb4.22.1&#8243; _module_preset=\u00bbdefault\u00bb global_colors_info=\u00bb{}\u00bb][\/et_pb_image][et_pb_image src=\u00bbhttps:\/\/americaswellnessgroup.com\/wp-content\/uploads\/2023\/10\/4f3703_cd1be42420db42cd81177ee6acb96532mv2.webp\u00bb title_text=\u00bb4f3703_cd1be42420db42cd81177ee6acb96532~mv2&#8243; _builder_version=\u00bb4.22.1&#8243; _module_preset=\u00bbdefault\u00bb global_colors_info=\u00bb{}\u00bb][\/et_pb_image][\/et_pb_column][\/et_pb_row][\/et_pb_section]<\/p>\n","protected":false},"excerpt":{"rendered":"<p>Pr\u00e1cticas de privacidad de la HIPAA NUESTRAS RESPONSABILIDADES INCLUYEN: Americas Wellness Group LLC ( americaswellnessgroup.com, americassemaglutide.com ), est\u00e1n obligados por ley a mantener la privacidad y seguridad de tu informaci\u00f3n m\u00e9dica protegida. Te informaremos con prontitud si se produce una violaci\u00f3n que pueda haber comprometido la privacidad o seguridad de tu informaci\u00f3n. Debemos cumplir las [&hellip;]<\/p>\n","protected":false},"author":1,"featured_media":0,"parent":0,"menu_order":0,"comment_status":"closed","ping_status":"closed","template":"","meta":{"_et_pb_use_builder":"on","_et_pb_old_content":"","_et_gb_content_width":"","_monsterinsights_skip_tracking":false,"_monsterinsights_sitenote_active":false,"_monsterinsights_sitenote_note":"","_monsterinsights_sitenote_category":0,"footnotes":""},"class_list":["post-252763","page","type-page","status-publish","hentry"],"yoast_head":"<!-- This site is optimized with the Yoast SEO plugin v27.5 - https:\/\/yoast.com\/product\/yoast-seo-wordpress\/ -->\n<title>Pol\u00edtica de privacidad de la HIPAA - Americas Wellness Group<\/title>\n<meta name=\"robots\" content=\"noindex, follow\" \/>\n<meta property=\"og:locale\" content=\"es_ES\" \/>\n<meta property=\"og:type\" content=\"article\" \/>\n<meta property=\"og:title\" content=\"Pol\u00edtica de privacidad de la HIPAA - Americas Wellness Group\" \/>\n<meta property=\"og:description\" content=\"Pr\u00e1cticas de privacidad de la HIPAA NUESTRAS RESPONSABILIDADES INCLUYEN: Americas Wellness Group LLC ( americaswellnessgroup.com, americassemaglutide.com ), est\u00e1n obligados por ley a mantener la privacidad y seguridad de tu informaci\u00f3n m\u00e9dica protegida. Te informaremos con prontitud si se produce una violaci\u00f3n que pueda haber comprometido la privacidad o seguridad de tu informaci\u00f3n. Debemos cumplir las [&hellip;]\" \/>\n<meta property=\"og:url\" content=\"https:\/\/americaswellnessgroup.com\/es\/politica-de-privacidad-de-la-hipaa\/\" \/>\n<meta property=\"og:site_name\" content=\"Americas Wellness Group\" \/>\n<meta property=\"article:modified_time\" content=\"2024-11-08T22:32:52+00:00\" \/>\n<meta name=\"twitter:card\" content=\"summary_large_image\" \/>\n<meta name=\"twitter:label1\" content=\"Tiempo de lectura\" \/>\n\t<meta name=\"twitter:data1\" content=\"3 minutos\" \/>\n<script type=\"application\/ld+json\" class=\"yoast-schema-graph\">{\"@context\":\"https:\\\/\\\/schema.org\",\"@graph\":[{\"@type\":\"WebPage\",\"@id\":\"https:\\\/\\\/americaswellnessgroup.com\\\/es\\\/politica-de-privacidad-de-la-hipaa\\\/\",\"url\":\"https:\\\/\\\/americaswellnessgroup.com\\\/es\\\/politica-de-privacidad-de-la-hipaa\\\/\",\"name\":\"Pol\u00edtica de privacidad de la HIPAA - Americas Wellness Group\",\"isPartOf\":{\"@id\":\"https:\\\/\\\/americaswellnessgroup.com\\\/es\\\/#website\"},\"datePublished\":\"2023-10-03T17:59:03+00:00\",\"dateModified\":\"2024-11-08T22:32:52+00:00\",\"breadcrumb\":{\"@id\":\"https:\\\/\\\/americaswellnessgroup.com\\\/es\\\/politica-de-privacidad-de-la-hipaa\\\/#breadcrumb\"},\"inLanguage\":\"es\",\"potentialAction\":[{\"@type\":\"ReadAction\",\"target\":[\"https:\\\/\\\/americaswellnessgroup.com\\\/es\\\/politica-de-privacidad-de-la-hipaa\\\/\"]}]},{\"@type\":\"BreadcrumbList\",\"@id\":\"https:\\\/\\\/americaswellnessgroup.com\\\/es\\\/politica-de-privacidad-de-la-hipaa\\\/#breadcrumb\",\"itemListElement\":[{\"@type\":\"ListItem\",\"position\":1,\"name\":\"Hogar\",\"item\":\"https:\\\/\\\/americaswellnessgroup.com\\\/es\\\/inicio\\\/\"},{\"@type\":\"ListItem\",\"position\":2,\"name\":\"Pol\u00edtica de privacidad de la HIPAA\"}]},{\"@type\":\"WebSite\",\"@id\":\"https:\\\/\\\/americaswellnessgroup.com\\\/es\\\/#website\",\"url\":\"https:\\\/\\\/americaswellnessgroup.com\\\/es\\\/\",\"name\":\"Americas Wellness Group\",\"description\":\"Semaglutide and Tirzepatide Weight Loss Centers of America\",\"alternateName\":\"AmericasWellnessGroup\",\"potentialAction\":[{\"@type\":\"SearchAction\",\"target\":{\"@type\":\"EntryPoint\",\"urlTemplate\":\"https:\\\/\\\/americaswellnessgroup.com\\\/es\\\/?s={search_term_string}\"},\"query-input\":{\"@type\":\"PropertyValueSpecification\",\"valueRequired\":true,\"valueName\":\"search_term_string\"}}],\"inLanguage\":\"es\"}]}<\/script>\n<!-- \/ Yoast SEO plugin. -->","yoast_head_json":{"title":"Pol\u00edtica de privacidad de la HIPAA - Americas Wellness Group","robots":{"index":"noindex","follow":"follow"},"og_locale":"es_ES","og_type":"article","og_title":"Pol\u00edtica de privacidad de la HIPAA - Americas Wellness Group","og_description":"Pr\u00e1cticas de privacidad de la HIPAA NUESTRAS RESPONSABILIDADES INCLUYEN: Americas Wellness Group LLC ( americaswellnessgroup.com, americassemaglutide.com ), est\u00e1n obligados por ley a mantener la privacidad y seguridad de tu informaci\u00f3n m\u00e9dica protegida. Te informaremos con prontitud si se produce una violaci\u00f3n que pueda haber comprometido la privacidad o seguridad de tu informaci\u00f3n. Debemos cumplir las [&hellip;]","og_url":"https:\/\/americaswellnessgroup.com\/es\/politica-de-privacidad-de-la-hipaa\/","og_site_name":"Americas Wellness Group","article_modified_time":"2024-11-08T22:32:52+00:00","twitter_card":"summary_large_image","twitter_misc":{"Tiempo de lectura":"3 minutos"},"schema":{"@context":"https:\/\/schema.org","@graph":[{"@type":"WebPage","@id":"https:\/\/americaswellnessgroup.com\/es\/politica-de-privacidad-de-la-hipaa\/","url":"https:\/\/americaswellnessgroup.com\/es\/politica-de-privacidad-de-la-hipaa\/","name":"Pol\u00edtica de privacidad de la HIPAA - Americas Wellness Group","isPartOf":{"@id":"https:\/\/americaswellnessgroup.com\/es\/#website"},"datePublished":"2023-10-03T17:59:03+00:00","dateModified":"2024-11-08T22:32:52+00:00","breadcrumb":{"@id":"https:\/\/americaswellnessgroup.com\/es\/politica-de-privacidad-de-la-hipaa\/#breadcrumb"},"inLanguage":"es","potentialAction":[{"@type":"ReadAction","target":["https:\/\/americaswellnessgroup.com\/es\/politica-de-privacidad-de-la-hipaa\/"]}]},{"@type":"BreadcrumbList","@id":"https:\/\/americaswellnessgroup.com\/es\/politica-de-privacidad-de-la-hipaa\/#breadcrumb","itemListElement":[{"@type":"ListItem","position":1,"name":"Hogar","item":"https:\/\/americaswellnessgroup.com\/es\/inicio\/"},{"@type":"ListItem","position":2,"name":"Pol\u00edtica de privacidad de la HIPAA"}]},{"@type":"WebSite","@id":"https:\/\/americaswellnessgroup.com\/es\/#website","url":"https:\/\/americaswellnessgroup.com\/es\/","name":"Americas Wellness Group","description":"Semaglutide and Tirzepatide Weight Loss Centers of America","alternateName":"AmericasWellnessGroup","potentialAction":[{"@type":"SearchAction","target":{"@type":"EntryPoint","urlTemplate":"https:\/\/americaswellnessgroup.com\/es\/?s={search_term_string}"},"query-input":{"@type":"PropertyValueSpecification","valueRequired":true,"valueName":"search_term_string"}}],"inLanguage":"es"}]}},"_links":{"self":[{"href":"https:\/\/americaswellnessgroup.com\/es\/wp-json\/wp\/v2\/pages\/252763","targetHints":{"allow":["GET"]}}],"collection":[{"href":"https:\/\/americaswellnessgroup.com\/es\/wp-json\/wp\/v2\/pages"}],"about":[{"href":"https:\/\/americaswellnessgroup.com\/es\/wp-json\/wp\/v2\/types\/page"}],"author":[{"embeddable":true,"href":"https:\/\/americaswellnessgroup.com\/es\/wp-json\/wp\/v2\/users\/1"}],"replies":[{"embeddable":true,"href":"https:\/\/americaswellnessgroup.com\/es\/wp-json\/wp\/v2\/comments?post=252763"}],"version-history":[{"count":0,"href":"https:\/\/americaswellnessgroup.com\/es\/wp-json\/wp\/v2\/pages\/252763\/revisions"}],"wp:attachment":[{"href":"https:\/\/americaswellnessgroup.com\/es\/wp-json\/wp\/v2\/media?parent=252763"}],"curies":[{"name":"wp","href":"https:\/\/api.w.org\/{rel}","templated":true}]}}